{"id":4,"date":"2020-01-24T18:05:19","date_gmt":"2020-01-24T18:05:19","guid":{"rendered":"http:\/\/eckscher-hof.de\/?page_id=4"},"modified":"2020-01-24T18:05:19","modified_gmt":"2020-01-24T18:05:19","slug":"unser-hof","status":"publish","type":"page","link":"https:\/\/eckscher-hof.de\/","title":{"rendered":"Unser Hof"},"content":{"rendered":"\n<p>Der  Hof befindet sich seit dem 17. Jahrhundert im Familienbesitz.<br>Bewirtschaftet wird der 165 ha Betrieb von der Familie Eck. <\/p>\n\n\n\n<p>Der Betriebsschwerpunkt ist heute die Milchwirtschaft,  Weitere \nBetriebszweige sind die Pferdepension und die Pferdezucht. Etwa 120 \nMilchk\u00fche, 80 Jungrinder, 30 K\u00e4lber und 25 Pferde werden hier t\u00e4glich \nmit den hofeigenen Erzeugnissen versorgt. <\/p>\n\n\n\n<p> Jedes Jahr wird ein Auszubildender im Beruf des Landwirts ausgebildet. <\/p>\n","protected":false},"excerpt":{"rendered":"<p>Der Hof befindet sich seit dem 17. Jahrhundert im Familienbesitz.Bewirtschaftet wird der 165 ha Betrieb von der Familie Eck. Der Betriebsschwerpunkt ist heute die Milchwirtschaft, Weitere Betriebszweige sind die Pferdepension und die Pferdezucht. Etwa 120 Milchk\u00fche, 80 Jungrinder, 30 K\u00e4lber und 25 Pferde werden hier t\u00e4glich mit den hofeigenen Erzeugnissen versorgt. Jedes Jahr wird ein [&hellip;]<\/p>\n","protected":false},"author":1,"featured_media":0,"parent":0,"menu_order":0,"comment_status":"closed","ping_status":"closed","template":"","meta":{"_et_pb_use_builder":"","_et_pb_old_content":"","_et_gb_content_width":"","footnotes":""},"_links":{"self":[{"href":"https:\/\/eckscher-hof.de\/index.php?rest_route=\/wp\/v2\/pages\/4"}],"collection":[{"href":"https:\/\/eckscher-hof.de\/index.php?rest_route=\/wp\/v2\/pages"}],"about":[{"href":"https:\/\/eckscher-hof.de\/index.php?rest_route=\/wp\/v2\/types\/page"}],"author":[{"embeddable":true,"href":"https:\/\/eckscher-hof.de\/index.php?rest_route=\/wp\/v2\/users\/1"}],"replies":[{"embeddable":true,"href":"https:\/\/eckscher-hof.de\/index.php?rest_route=%2Fwp%2Fv2%2Fcomments&post=4"}],"version-history":[{"count":1,"href":"https:\/\/eckscher-hof.de\/index.php?rest_route=\/wp\/v2\/pages\/4\/revisions"}],"predecessor-version":[{"id":5,"href":"https:\/\/eckscher-hof.de\/index.php?rest_route=\/wp\/v2\/pages\/4\/revisions\/5"}],"wp:attachment":[{"href":"https:\/\/eckscher-hof.de\/index.php?rest_route=%2Fwp%2Fv2%2Fmedia&parent=4"}],"curies":[{"name":"wp","href":"https:\/\/api.w.org\/{rel}","templated":true}]}}