{"id":14,"date":"2020-01-24T18:11:00","date_gmt":"2020-01-24T18:11:00","guid":{"rendered":"http:\/\/eckscher-hof.de\/?page_id=14"},"modified":"2020-01-26T16:24:44","modified_gmt":"2020-01-26T16:24:44","slug":"impressum","status":"publish","type":"page","link":"https:\/\/eckscher-hof.de\/?page_id=14","title":{"rendered":"Impressum"},"content":{"rendered":"\n<p>Angaben gem\u00e4\u00df \u00a7 5 TMG<\/p>\n\n\n\n<p>Thomas Eck <br>  Balzenbach 11<br>  69502 Hemsbach <br>  <\/p>\n\n\n\n<p> <strong>Vertreten durch: <\/strong><br> Thomas Eck<br> <\/p>\n\n\n\n<p>K<strong>ontakt:<\/strong> <br> Telefon: 06201-75180<br> E-Mail: eck-gbr(at)web.de<br><\/p>\n\n\n\n<p><strong>Haftungsausschluss: <\/strong><br><br><strong>Haftung f\u00fcr Inhalte<\/strong><br><br>\nDie Inhalte unserer Seiten wurden mit gr\u00f6\u00dfter Sorgfalt erstellt. F\u00fcr die\n Richtigkeit, Vollst\u00e4ndigkeit und Aktualit\u00e4t der Inhalte k\u00f6nnen wir \njedoch keine Gew\u00e4hr \u00fcbernehmen. Als Diensteanbieter sind wir gem\u00e4\u00df \u00a7 7 \nAbs.1 TMG f\u00fcr eigene Inhalte auf diesen Seiten nach den allgemeinen \nGesetzen verantwortlich. Nach \u00a7\u00a7 8 bis 10 TMG sind wir als \nDiensteanbieter jedoch nicht verpflichtet, \u00fcbermittelte oder \ngespeicherte fremde Informationen zu \u00fcberwachen oder nach Umst\u00e4nden zu \nforschen, die auf eine rechtswidrige T\u00e4tigkeit hinweisen. \nVerpflichtungen zur Entfernung oder Sperrung der Nutzung von \nInformationen nach den allgemeinen Gesetzen bleiben hiervon unber\u00fchrt. \nEine diesbez\u00fcgliche Haftung ist jedoch erst ab dem Zeitpunkt der \nKenntnis einer konkreten Rechtsverletzung m\u00f6glich. Bei Bekanntwerden von\n entsprechenden Rechtsverletzungen werden wir diese Inhalte umgehend \nentfernen.<br><br><strong>Haftung f\u00fcr Links<\/strong><br><br>\nUnser Angebot enth\u00e4lt Links zu externen Webseiten Dritter, auf deren \nInhalte wir keinen Einfluss haben. Deshalb k\u00f6nnen wir f\u00fcr diese fremden \nInhalte auch keine Gew\u00e4hr \u00fcbernehmen. F\u00fcr die Inhalte der verlinkten \nSeiten ist stets der jeweilige Anbieter oder Betreiber der Seiten \nverantwortlich. Die verlinkten Seiten wurden zum Zeitpunkt der \nVerlinkung auf m\u00f6gliche Rechtsverst\u00f6\u00dfe \u00fcberpr\u00fcft. Rechtswidrige Inhalte \nwaren zum Zeitpunkt der Verlinkung nicht erkennbar. Eine permanente \ninhaltliche Kontrolle der verlinkten Seiten ist jedoch ohne konkrete \nAnhaltspunkte einer Rechtsverletzung nicht zumutbar. Bei Bekanntwerden \nvon Rechtsverletzungen werden wir derartige Links umgehend entfernen.<br><br><strong>Datenschutz<\/strong><br><br>\nDie Nutzung unserer Webseite ist in der Regel ohne Angabe \npersonenbezogener Daten m\u00f6glich. Soweit auf unseren Seiten \npersonenbezogene Daten (beispielsweise Name, Anschrift oder \neMail-Adressen) erhoben werden, erfolgt dies, soweit m\u00f6glich, stets auf \nfreiwilliger Basis. Diese Daten werden ohne Ihre ausdr\u00fcckliche \nZustimmung nicht an Dritte weitergegeben. <br>\nWir weisen darauf hin, dass die Daten\u00fcbertragung im Internet (z.B. bei \nder Kommunikation per E-Mail) Sicherheitsl\u00fccken aufweisen kann. Ein \nl\u00fcckenloser Schutz der Daten vor dem Zugriff durch Dritte ist nicht \nm\u00f6glich. <br>\nDer Nutzung von im Rahmen der Impressumspflicht ver\u00f6ffentlichten \nKontaktdaten durch Dritte zur \u00dcbersendung von nicht ausdr\u00fccklich \nangeforderter Werbung und Informationsmaterialien wird hiermit \nausdr\u00fccklich widersprochen. Die Betreiber der Seiten behalten sich \nausdr\u00fccklich rechtliche Schritte im Falle der unverlangten Zusendung von\n Werbeinformationen, etwa durch Spam-Mails, vor.<br>\n<br> \nImpressum vom <a href=\"https:\/\/www.impressum-generator.de\">Impressum Generator<\/a> der <a href=\"https:\/\/www.kanzlei-hasselbach.de\/\">Kanzlei Hasselbach, Rechtsanw\u00e4lte f\u00fcr Arbeitsrecht und Familienrecht<\/a><\/p>\n","protected":false},"excerpt":{"rendered":"<p>Angaben gem\u00e4\u00df \u00a7 5 TMG Thomas Eck Balzenbach 11 69502 Hemsbach Vertreten durch: Thomas Eck Kontakt: Telefon: 06201-75180 E-Mail: eck-gbr(at)web.de Haftungsausschluss: Haftung f\u00fcr Inhalte Die Inhalte unserer Seiten wurden mit gr\u00f6\u00dfter Sorgfalt erstellt. F\u00fcr die Richtigkeit, Vollst\u00e4ndigkeit und Aktualit\u00e4t der Inhalte k\u00f6nnen wir jedoch keine Gew\u00e4hr \u00fcbernehmen. Als Diensteanbieter sind wir gem\u00e4\u00df \u00a7 7 Abs.1 [&hellip;]<\/p>\n","protected":false},"author":1,"featured_media":0,"parent":0,"menu_order":0,"comment_status":"closed","ping_status":"closed","template":"","meta":{"_et_pb_use_builder":"","_et_pb_old_content":"","_et_gb_content_width":"","footnotes":""},"_links":{"self":[{"href":"https:\/\/eckscher-hof.de\/index.php?rest_route=\/wp\/v2\/pages\/14"}],"collection":[{"href":"https:\/\/eckscher-hof.de\/index.php?rest_route=\/wp\/v2\/pages"}],"about":[{"href":"https:\/\/eckscher-hof.de\/index.php?rest_route=\/wp\/v2\/types\/page"}],"author":[{"embeddable":true,"href":"https:\/\/eckscher-hof.de\/index.php?rest_route=\/wp\/v2\/users\/1"}],"replies":[{"embeddable":true,"href":"https:\/\/eckscher-hof.de\/index.php?rest_route=%2Fwp%2Fv2%2Fcomments&post=14"}],"version-history":[{"count":3,"href":"https:\/\/eckscher-hof.de\/index.php?rest_route=\/wp\/v2\/pages\/14\/revisions"}],"predecessor-version":[{"id":40,"href":"https:\/\/eckscher-hof.de\/index.php?rest_route=\/wp\/v2\/pages\/14\/revisions\/40"}],"wp:attachment":[{"href":"https:\/\/eckscher-hof.de\/index.php?rest_route=%2Fwp%2Fv2%2Fmedia&parent=14"}],"curies":[{"name":"wp","href":"https:\/\/api.w.org\/{rel}","templated":true}]}}